{"id":260,"date":"2020-05-13T14:37:52","date_gmt":"2020-05-13T20:37:52","guid":{"rendered":"https:\/\/icepack.cr\/?post_type=product&#038;p=260"},"modified":"2022-05-16T18:28:36","modified_gmt":"2022-05-17T00:28:36","slug":"hielera-de-50-kilos","status":"publish","type":"product","link":"https:\/\/icepack.cr\/index.php\/producto\/hielera-de-50-kilos\/","title":{"rendered":"Hielera de 50 kilos"},"content":{"rendered":"<hr \/>\n<h1>Medidas internas<\/h1>\n<ul>\n<li>Largo 90 cm<\/li>\n<li>Ancho 29.5cm<\/li>\n<li>Alto 20cm<\/li>\n<\/ul>\n<h1>Medidas externas<\/h1>\n<ul>\n<li>Largo 97cm,<\/li>\n<li>ancho 36,5cm<\/li>\n<li>alto 27cm<\/li>\n<\/ul>\n<hr \/>\n<p>Las hieleras t\u00e9rmicas de estereof\u00f3n expandido son fabricadas con matrices especiales para cumplir con los est\u00e1ndares de transporte y sirven como un excelente escudo contra las micro- roturas de la cadena de frio, evitando que el aire caliente del exterior, ingrese al producto embalado, aumentando su temperatura y, por tanto, reduciendo su calidad.<\/p>\n","protected":false},"excerpt":{"rendered":"<p>Medidas internas Largo 90 cm Ancho 29.5cm Alto 20cm Medidas externas Largo 97cm, ancho 36,5cm alto 27cm Las hieleras t\u00e9rmicas de estereof\u00f3n expandido son fabricadas con matrices especiales para cumplir con los est\u00e1ndares de transporte y sirven como un excelente escudo contra las micro- roturas de la cadena de frio, evitando que el aire caliente [&hellip;]<\/p>\n","protected":false},"featured_media":224,"comment_status":"open","ping_status":"closed","template":"","meta":[],"product_cat":[40],"product_tag":[],"yst_prominent_words":[45,44],"yoast_head":"<!-- This site is optimized with the Yoast SEO Premium plugin v14.0.4 - https:\/\/yoast.com\/wordpress\/plugins\/seo\/ -->\n<title>Hielera de 50 kilos | ICEPACK.CR<\/title>\n<meta name=\"description\" content=\"Medidas internas Largo 90 cm Ancho 29.5cm Alto 20cm Medidas externas Largo 97cm, ancho 36,5cm alto 27cm Las hieleras t\u00e9rmicas de estereof\u00f3n expandido son\" \/>\n<meta name=\"robots\" content=\"index, follow\" \/>\n<meta name=\"googlebot\" content=\"index, follow, max-snippet:-1, max-image-preview:large, max-video-preview:-1\" \/>\n<meta name=\"bingbot\" content=\"index, follow, max-snippet:-1, max-image-preview:large, max-video-preview:-1\" \/>\n<link rel=\"canonical\" href=\"https:\/\/icepack.cr\/index.php\/producto\/hielera-de-50-kilos\/\" \/>\n<meta property=\"og:locale\" content=\"es_ES\" \/>\n<meta property=\"og:type\" content=\"article\" \/>\n<meta property=\"og:title\" content=\"Hielera de 50 kilos | ICEPACK.CR\" \/>\n<meta property=\"og:description\" content=\"Medidas internas Largo 90 cm Ancho 29.5cm Alto 20cm Medidas externas Largo 97cm, ancho 36,5cm alto 27cm Las hieleras t\u00e9rmicas de estereof\u00f3n expandido son\" \/>\n<meta property=\"og:url\" content=\"https:\/\/icepack.cr\/index.php\/producto\/hielera-de-50-kilos\/\" \/>\n<meta property=\"og:site_name\" content=\"ICEPACK.CR\" \/>\n<meta property=\"article:modified_time\" content=\"2022-05-17T00:28:36+00:00\" \/>\n<meta property=\"og:image\" content=\"https:\/\/icepack.cr\/wp-content\/uploads\/2020\/05\/50-kg2.png\" \/>\n\t<meta property=\"og:image:width\" content=\"1600\" \/>\n\t<meta property=\"og:image:height\" content=\"1067\" \/>\n<meta name=\"twitter:card\" content=\"summary_large_image\" \/>\n<script type=\"application\/ld+json\" class=\"yoast-schema-graph\">{\"@context\":\"https:\/\/schema.org\",\"@graph\":[{\"@type\":[\"Organization\",\"Place\"],\"@id\":\"https:\/\/icepack.cr\/#organization\",\"name\":\"ICE Pack de Costa Rica\",\"url\":\"https:\/\/icepack.cr\/\",\"sameAs\":[],\"logo\":{\"@type\":\"ImageObject\",\"@id\":\"https:\/\/icepack.cr\/#logo\",\"inLanguage\":\"es-CR\",\"url\":\"https:\/\/icepack.cr\/wp-content\/uploads\/2020\/05\/logo.png\",\"width\":1187,\"height\":873,\"caption\":\"ICE Pack de Costa Rica\"},\"image\":{\"@id\":\"https:\/\/icepack.cr\/#logo\"},\"location\":{\"@id\":\"https:\/\/icepack.cr\/index.php\/producto\/hielera-de-50-kilos\/#local-place\"},\"address\":{\"@id\":\"https:\/\/icepack.cr\/index.php\/producto\/hielera-de-50-kilos\/#local-place-address\"}},{\"@type\":\"WebSite\",\"@id\":\"https:\/\/icepack.cr\/#website\",\"url\":\"https:\/\/icepack.cr\/\",\"name\":\"ICEPACK.CR\",\"description\":\"El fr\\u00edo que mantiene sus ganancias\",\"publisher\":{\"@id\":\"https:\/\/icepack.cr\/#organization\"},\"potentialAction\":[{\"@type\":\"SearchAction\",\"target\":\"https:\/\/icepack.cr\/?s={search_term_string}\",\"query-input\":\"required name=search_term_string\"}],\"inLanguage\":\"es-CR\"},{\"@type\":\"ImageObject\",\"@id\":\"https:\/\/icepack.cr\/index.php\/producto\/hielera-de-50-kilos\/#primaryimage\",\"inLanguage\":\"es-CR\",\"url\":\"https:\/\/icepack.cr\/wp-content\/uploads\/2020\/05\/50-kg2.png\",\"width\":1600,\"height\":1067},{\"@type\":\"WebPage\",\"@id\":\"https:\/\/icepack.cr\/index.php\/producto\/hielera-de-50-kilos\/#webpage\",\"url\":\"https:\/\/icepack.cr\/index.php\/producto\/hielera-de-50-kilos\/\",\"name\":\"Hielera de 50 kilos | ICEPACK.CR\",\"isPartOf\":{\"@id\":\"https:\/\/icepack.cr\/#website\"},\"primaryImageOfPage\":{\"@id\":\"https:\/\/icepack.cr\/index.php\/producto\/hielera-de-50-kilos\/#primaryimage\"},\"datePublished\":\"2020-05-13T20:37:52+00:00\",\"dateModified\":\"2022-05-17T00:28:36+00:00\",\"description\":\"Medidas internas Largo 90 cm Ancho 29.5cm Alto 20cm Medidas externas Largo 97cm, ancho 36,5cm alto 27cm Las hieleras t\\u00e9rmicas de estereof\\u00f3n expandido son\",\"breadcrumb\":{\"@id\":\"https:\/\/icepack.cr\/index.php\/producto\/hielera-de-50-kilos\/#breadcrumb\"},\"inLanguage\":\"es-CR\",\"potentialAction\":[{\"@type\":\"ReadAction\",\"target\":[\"https:\/\/icepack.cr\/index.php\/producto\/hielera-de-50-kilos\/\"]}]},{\"@type\":\"BreadcrumbList\",\"@id\":\"https:\/\/icepack.cr\/index.php\/producto\/hielera-de-50-kilos\/#breadcrumb\",\"itemListElement\":[{\"@type\":\"ListItem\",\"position\":1,\"item\":{\"@type\":\"WebPage\",\"@id\":\"https:\/\/icepack.cr\/\",\"url\":\"https:\/\/icepack.cr\/\",\"name\":\"Inicio\"}},{\"@type\":\"ListItem\",\"position\":2,\"item\":{\"@type\":\"WebPage\",\"@id\":\"https:\/\/icepack.cr\/index.php\/tienda\/\",\"url\":\"https:\/\/icepack.cr\/index.php\/tienda\/\",\"name\":\"Tienda\"}},{\"@type\":\"ListItem\",\"position\":3,\"item\":{\"@type\":\"WebPage\",\"@id\":\"https:\/\/icepack.cr\/index.php\/producto\/hielera-de-50-kilos\/\",\"url\":\"https:\/\/icepack.cr\/index.php\/producto\/hielera-de-50-kilos\/\",\"name\":\"Hielera de 50 kilos\"}}]},{\"@type\":\"Place\",\"@id\":\"https:\/\/icepack.cr\/index.php\/producto\/hielera-de-50-kilos\/#local-place\",\"address\":{\"@type\":\"PostalAddress\",\"@id\":\"https:\/\/icepack.cr\/index.php\/producto\/hielera-de-50-kilos\/#local-place-address\",\"streetAddress\":\"\",\"addressLocality\":\"\",\"postalCode\":\"\",\"addressRegion\":\"\",\"addressCountry\":\"\"},\"geo\":{\"@type\":\"GeoCoordinates\",\"latitude\":\"\",\"longitude\":\"\"},\"openingHoursSpecification\":[{\"@type\":\"OpeningHoursSpecification\",\"dayOfWeek\":[\"Monday\",\"Tuesday\",\"Wednesday\",\"Thursday\",\"Friday\",\"Saturday\",\"Sunday\"],\"opens\":\"09:00\",\"closes\":\"17:00\"}]}]}<\/script>\n<!-- \/ Yoast SEO Premium plugin. -->","_links":{"self":[{"href":"https:\/\/icepack.cr\/index.php\/wp-json\/wp\/v2\/product\/260"}],"collection":[{"href":"https:\/\/icepack.cr\/index.php\/wp-json\/wp\/v2\/product"}],"about":[{"href":"https:\/\/icepack.cr\/index.php\/wp-json\/wp\/v2\/types\/product"}],"replies":[{"embeddable":true,"href":"https:\/\/icepack.cr\/index.php\/wp-json\/wp\/v2\/comments?post=260"}],"wp:featuredmedia":[{"embeddable":true,"href":"https:\/\/icepack.cr\/index.php\/wp-json\/wp\/v2\/media\/224"}],"wp:attachment":[{"href":"https:\/\/icepack.cr\/index.php\/wp-json\/wp\/v2\/media?parent=260"}],"wp:term":[{"taxonomy":"product_cat","embeddable":true,"href":"https:\/\/icepack.cr\/index.php\/wp-json\/wp\/v2\/product_cat?post=260"},{"taxonomy":"product_tag","embeddable":true,"href":"https:\/\/icepack.cr\/index.php\/wp-json\/wp\/v2\/product_tag?post=260"},{"taxonomy":"yst_prominent_words","embeddable":true,"href":"https:\/\/icepack.cr\/index.php\/wp-json\/wp\/v2\/yst_prominent_words?post=260"}],"curies":[{"name":"wp","href":"https:\/\/api.w.org\/{rel}","templated":true}]}}