{"id":258,"date":"2020-05-13T14:03:00","date_gmt":"2020-05-13T20:03:00","guid":{"rendered":"https:\/\/icepack.cr\/?post_type=product&#038;p=258"},"modified":"2022-05-16T18:24:24","modified_gmt":"2022-05-17T00:24:24","slug":"hielera-de-25-kilos","status":"publish","type":"product","link":"https:\/\/icepack.cr\/index.php\/producto\/hielera-de-25-kilos\/","title":{"rendered":"Hielera de 25 kilos"},"content":{"rendered":"<hr \/>\n<h1>Medidas internas<\/h1>\n<ul>\n<li>Largo 90 cm<\/li>\n<li>Ancho 29.5cm<\/li>\n<li>Alto 10,5cm<\/li>\n<\/ul>\n<h1>Medidas externas<\/h1>\n<ul>\n<li>Largo 97cm<\/li>\n<li>Ancho 36.5cm<\/li>\n<li>Alto 18cm<\/li>\n<\/ul>\n<hr \/>\n<p>Las hieleras t\u00e9rmicas de estereof\u00f3n expandido son fabricadas con matrices especiales para cumplir con los est\u00e1ndares de transporte y sirven como un excelente escudo contra las micro- roturas de la cadena de frio, evitando que el aire caliente del exterior, ingrese al producto embalado, aumentando su temperatura y, por tanto, reduciendo su calidad.<\/p>\n","protected":false},"excerpt":{"rendered":"<p>Medidas internas Largo 90 cm Ancho 29.5cm Alto 10,5cm Medidas externas Largo 97cm Ancho 36.5cm Alto 18cm Las hieleras t\u00e9rmicas de estereof\u00f3n expandido son fabricadas con matrices especiales para cumplir con los est\u00e1ndares de transporte y sirven como un excelente escudo contra las micro- roturas de la cadena de frio, evitando que el aire caliente [&hellip;]<\/p>\n","protected":false},"featured_media":461,"comment_status":"open","ping_status":"closed","template":"","meta":[],"product_cat":[40],"product_tag":[],"yst_prominent_words":[45,44],"yoast_head":"<!-- This site is optimized with the Yoast SEO Premium plugin v14.0.4 - https:\/\/yoast.com\/wordpress\/plugins\/seo\/ -->\n<title>Hielera de 25 kilos | ICEPACK.CR<\/title>\n<meta name=\"description\" content=\"Medidas internas Largo 90 cm Ancho 29.5cm Alto 10,5cm Medidas externas Largo 97cm Ancho 36.5cm Alto 18cm Las hieleras t\u00e9rmicas de estereof\u00f3n expandido son\" \/>\n<meta name=\"robots\" content=\"index, follow\" \/>\n<meta name=\"googlebot\" content=\"index, follow, max-snippet:-1, max-image-preview:large, max-video-preview:-1\" \/>\n<meta name=\"bingbot\" content=\"index, follow, max-snippet:-1, max-image-preview:large, max-video-preview:-1\" \/>\n<link rel=\"canonical\" href=\"https:\/\/icepack.cr\/index.php\/producto\/hielera-de-25-kilos\/\" \/>\n<meta property=\"og:locale\" content=\"es_ES\" \/>\n<meta property=\"og:type\" content=\"article\" \/>\n<meta property=\"og:title\" content=\"Hielera de 25 kilos | ICEPACK.CR\" \/>\n<meta property=\"og:description\" content=\"Medidas internas Largo 90 cm Ancho 29.5cm Alto 10,5cm Medidas externas Largo 97cm Ancho 36.5cm Alto 18cm Las hieleras t\u00e9rmicas de estereof\u00f3n expandido son\" \/>\n<meta property=\"og:url\" content=\"https:\/\/icepack.cr\/index.php\/producto\/hielera-de-25-kilos\/\" \/>\n<meta property=\"og:site_name\" content=\"ICEPACK.CR\" \/>\n<meta property=\"article:modified_time\" content=\"2022-05-17T00:24:24+00:00\" \/>\n<meta property=\"og:image\" content=\"https:\/\/icepack.cr\/wp-content\/uploads\/2020\/05\/25-kilogramos-2.png\" \/>\n\t<meta property=\"og:image:width\" content=\"567\" \/>\n\t<meta property=\"og:image:height\" content=\"409\" \/>\n<meta name=\"twitter:card\" content=\"summary_large_image\" \/>\n<script type=\"application\/ld+json\" class=\"yoast-schema-graph\">{\"@context\":\"https:\/\/schema.org\",\"@graph\":[{\"@type\":[\"Organization\",\"Place\"],\"@id\":\"https:\/\/icepack.cr\/#organization\",\"name\":\"ICE Pack de Costa Rica\",\"url\":\"https:\/\/icepack.cr\/\",\"sameAs\":[],\"logo\":{\"@type\":\"ImageObject\",\"@id\":\"https:\/\/icepack.cr\/#logo\",\"inLanguage\":\"es-CR\",\"url\":\"https:\/\/icepack.cr\/wp-content\/uploads\/2020\/05\/logo.png\",\"width\":1187,\"height\":873,\"caption\":\"ICE Pack de Costa Rica\"},\"image\":{\"@id\":\"https:\/\/icepack.cr\/#logo\"},\"location\":{\"@id\":\"https:\/\/icepack.cr\/index.php\/producto\/hielera-de-25-kilos\/#local-place\"},\"address\":{\"@id\":\"https:\/\/icepack.cr\/index.php\/producto\/hielera-de-25-kilos\/#local-place-address\"}},{\"@type\":\"WebSite\",\"@id\":\"https:\/\/icepack.cr\/#website\",\"url\":\"https:\/\/icepack.cr\/\",\"name\":\"ICEPACK.CR\",\"description\":\"El fr\\u00edo que mantiene sus ganancias\",\"publisher\":{\"@id\":\"https:\/\/icepack.cr\/#organization\"},\"potentialAction\":[{\"@type\":\"SearchAction\",\"target\":\"https:\/\/icepack.cr\/?s={search_term_string}\",\"query-input\":\"required name=search_term_string\"}],\"inLanguage\":\"es-CR\"},{\"@type\":\"ImageObject\",\"@id\":\"https:\/\/icepack.cr\/index.php\/producto\/hielera-de-25-kilos\/#primaryimage\",\"inLanguage\":\"es-CR\",\"url\":\"https:\/\/icepack.cr\/wp-content\/uploads\/2020\/05\/25-kilogramos-2.png\",\"width\":567,\"height\":409},{\"@type\":\"WebPage\",\"@id\":\"https:\/\/icepack.cr\/index.php\/producto\/hielera-de-25-kilos\/#webpage\",\"url\":\"https:\/\/icepack.cr\/index.php\/producto\/hielera-de-25-kilos\/\",\"name\":\"Hielera de 25 kilos | ICEPACK.CR\",\"isPartOf\":{\"@id\":\"https:\/\/icepack.cr\/#website\"},\"primaryImageOfPage\":{\"@id\":\"https:\/\/icepack.cr\/index.php\/producto\/hielera-de-25-kilos\/#primaryimage\"},\"datePublished\":\"2020-05-13T20:03:00+00:00\",\"dateModified\":\"2022-05-17T00:24:24+00:00\",\"description\":\"Medidas internas Largo 90 cm Ancho 29.5cm Alto 10,5cm Medidas externas Largo 97cm Ancho 36.5cm Alto 18cm Las hieleras t\\u00e9rmicas de estereof\\u00f3n expandido son\",\"breadcrumb\":{\"@id\":\"https:\/\/icepack.cr\/index.php\/producto\/hielera-de-25-kilos\/#breadcrumb\"},\"inLanguage\":\"es-CR\",\"potentialAction\":[{\"@type\":\"ReadAction\",\"target\":[\"https:\/\/icepack.cr\/index.php\/producto\/hielera-de-25-kilos\/\"]}]},{\"@type\":\"BreadcrumbList\",\"@id\":\"https:\/\/icepack.cr\/index.php\/producto\/hielera-de-25-kilos\/#breadcrumb\",\"itemListElement\":[{\"@type\":\"ListItem\",\"position\":1,\"item\":{\"@type\":\"WebPage\",\"@id\":\"https:\/\/icepack.cr\/\",\"url\":\"https:\/\/icepack.cr\/\",\"name\":\"Inicio\"}},{\"@type\":\"ListItem\",\"position\":2,\"item\":{\"@type\":\"WebPage\",\"@id\":\"https:\/\/icepack.cr\/index.php\/tienda\/\",\"url\":\"https:\/\/icepack.cr\/index.php\/tienda\/\",\"name\":\"Tienda\"}},{\"@type\":\"ListItem\",\"position\":3,\"item\":{\"@type\":\"WebPage\",\"@id\":\"https:\/\/icepack.cr\/index.php\/producto\/hielera-de-25-kilos\/\",\"url\":\"https:\/\/icepack.cr\/index.php\/producto\/hielera-de-25-kilos\/\",\"name\":\"Hielera de 25 kilos\"}}]},{\"@type\":\"Place\",\"@id\":\"https:\/\/icepack.cr\/index.php\/producto\/hielera-de-25-kilos\/#local-place\",\"address\":{\"@type\":\"PostalAddress\",\"@id\":\"https:\/\/icepack.cr\/index.php\/producto\/hielera-de-25-kilos\/#local-place-address\",\"streetAddress\":\"\",\"addressLocality\":\"\",\"postalCode\":\"\",\"addressRegion\":\"\",\"addressCountry\":\"\"},\"geo\":{\"@type\":\"GeoCoordinates\",\"latitude\":\"\",\"longitude\":\"\"},\"openingHoursSpecification\":[{\"@type\":\"OpeningHoursSpecification\",\"dayOfWeek\":[\"Monday\",\"Tuesday\",\"Wednesday\",\"Thursday\",\"Friday\",\"Saturday\",\"Sunday\"],\"opens\":\"09:00\",\"closes\":\"17:00\"}]}]}<\/script>\n<!-- \/ Yoast SEO Premium plugin. -->","_links":{"self":[{"href":"https:\/\/icepack.cr\/index.php\/wp-json\/wp\/v2\/product\/258"}],"collection":[{"href":"https:\/\/icepack.cr\/index.php\/wp-json\/wp\/v2\/product"}],"about":[{"href":"https:\/\/icepack.cr\/index.php\/wp-json\/wp\/v2\/types\/product"}],"replies":[{"embeddable":true,"href":"https:\/\/icepack.cr\/index.php\/wp-json\/wp\/v2\/comments?post=258"}],"wp:featuredmedia":[{"embeddable":true,"href":"https:\/\/icepack.cr\/index.php\/wp-json\/wp\/v2\/media\/461"}],"wp:attachment":[{"href":"https:\/\/icepack.cr\/index.php\/wp-json\/wp\/v2\/media?parent=258"}],"wp:term":[{"taxonomy":"product_cat","embeddable":true,"href":"https:\/\/icepack.cr\/index.php\/wp-json\/wp\/v2\/product_cat?post=258"},{"taxonomy":"product_tag","embeddable":true,"href":"https:\/\/icepack.cr\/index.php\/wp-json\/wp\/v2\/product_tag?post=258"},{"taxonomy":"yst_prominent_words","embeddable":true,"href":"https:\/\/icepack.cr\/index.php\/wp-json\/wp\/v2\/yst_prominent_words?post=258"}],"curies":[{"name":"wp","href":"https:\/\/api.w.org\/{rel}","templated":true}]}}