{"id":254,"date":"2020-05-12T21:01:32","date_gmt":"2020-05-13T03:01:32","guid":{"rendered":"https:\/\/icepack.cr\/?post_type=product&#038;p=254"},"modified":"2022-05-16T18:19:03","modified_gmt":"2022-05-17T00:19:03","slug":"hielera-de-20-kilos","status":"publish","type":"product","link":"https:\/\/icepack.cr\/index.php\/producto\/hielera-de-20-kilos\/","title":{"rendered":"Hielera de 20 kilos"},"content":{"rendered":"<hr \/>\n<h1>Medidas internas<\/h1>\n<ul>\n<li>Largo 34 cm<\/li>\n<li>Ancho 29 cm<\/li>\n<li>Alto 20 cm<\/li>\n<\/ul>\n<p>&nbsp;<\/p>\n<h1>Medidas externas<\/h1>\n<ul>\n<li>Largo 39 cm<\/li>\n<li>Ancho 34cm<\/li>\n<li>Alto 25cm<\/li>\n<\/ul>\n<hr \/>\n<p>Las hieleras t\u00e9rmicas de estereof\u00f3n expandido son fabricadas con matrices especiales para cumplir con los est\u00e1ndares de transporte y sirven como un excelente escudo contra las micro- roturas de la cadena de frio, evitando que el aire caliente del exterior, ingrese al producto embalado, aumentando su temperatura y, por tanto, reduciendo su calidad.<\/p>\n","protected":false},"excerpt":{"rendered":"<p>Medidas internas Largo 34 cm Ancho 29 cm Alto 20 cm &nbsp; Medidas externas Largo 39 cm Ancho 34cm Alto 25cm Las hieleras t\u00e9rmicas de estereof\u00f3n expandido son fabricadas con matrices especiales para cumplir con los est\u00e1ndares de transporte y sirven como un excelente escudo contra las micro- roturas de la cadena de frio, evitando [&hellip;]<\/p>\n","protected":false},"featured_media":521,"comment_status":"open","ping_status":"closed","template":"","meta":[],"product_cat":[40],"product_tag":[],"yst_prominent_words":[45,43,44],"yoast_head":"<!-- This site is optimized with the Yoast SEO Premium plugin v14.0.4 - https:\/\/yoast.com\/wordpress\/plugins\/seo\/ -->\n<title>Hielera de 20 kilos | ICEPACK.CR<\/title>\n<meta name=\"description\" content=\"Medidas internas Largo 34 cm Ancho 29 cm Alto 20 cm &nbsp; Medidas externas Largo 39 cm Ancho 34cm Alto 25cm Las hieleras t\u00e9rmicas de estereof\u00f3n expandido\" \/>\n<meta name=\"robots\" content=\"index, follow\" \/>\n<meta name=\"googlebot\" content=\"index, follow, max-snippet:-1, max-image-preview:large, max-video-preview:-1\" \/>\n<meta name=\"bingbot\" content=\"index, follow, max-snippet:-1, max-image-preview:large, max-video-preview:-1\" \/>\n<link rel=\"canonical\" href=\"https:\/\/icepack.cr\/index.php\/producto\/hielera-de-20-kilos\/\" \/>\n<meta property=\"og:locale\" content=\"es_ES\" \/>\n<meta property=\"og:type\" content=\"article\" \/>\n<meta property=\"og:title\" content=\"Hielera de 20 kilos | ICEPACK.CR\" \/>\n<meta property=\"og:description\" content=\"Medidas internas Largo 34 cm Ancho 29 cm Alto 20 cm &nbsp; Medidas externas Largo 39 cm Ancho 34cm Alto 25cm Las hieleras t\u00e9rmicas de estereof\u00f3n expandido\" \/>\n<meta property=\"og:url\" content=\"https:\/\/icepack.cr\/index.php\/producto\/hielera-de-20-kilos\/\" \/>\n<meta property=\"og:site_name\" content=\"ICEPACK.CR\" \/>\n<meta property=\"article:modified_time\" content=\"2022-05-17T00:19:03+00:00\" \/>\n<meta property=\"og:image\" content=\"https:\/\/icepack.cr\/wp-content\/uploads\/2020\/05\/20-kilos-cortada-2-1.png\" \/>\n\t<meta property=\"og:image:width\" content=\"798\" \/>\n\t<meta property=\"og:image:height\" content=\"848\" \/>\n<meta name=\"twitter:card\" content=\"summary_large_image\" \/>\n<script type=\"application\/ld+json\" class=\"yoast-schema-graph\">{\"@context\":\"https:\/\/schema.org\",\"@graph\":[{\"@type\":[\"Organization\",\"Place\"],\"@id\":\"https:\/\/icepack.cr\/#organization\",\"name\":\"ICE Pack de Costa Rica\",\"url\":\"https:\/\/icepack.cr\/\",\"sameAs\":[],\"logo\":{\"@type\":\"ImageObject\",\"@id\":\"https:\/\/icepack.cr\/#logo\",\"inLanguage\":\"es-CR\",\"url\":\"https:\/\/icepack.cr\/wp-content\/uploads\/2020\/05\/logo.png\",\"width\":1187,\"height\":873,\"caption\":\"ICE Pack de Costa Rica\"},\"image\":{\"@id\":\"https:\/\/icepack.cr\/#logo\"},\"location\":{\"@id\":\"https:\/\/icepack.cr\/index.php\/producto\/hielera-de-20-kilos\/#local-place\"},\"address\":{\"@id\":\"https:\/\/icepack.cr\/index.php\/producto\/hielera-de-20-kilos\/#local-place-address\"}},{\"@type\":\"WebSite\",\"@id\":\"https:\/\/icepack.cr\/#website\",\"url\":\"https:\/\/icepack.cr\/\",\"name\":\"ICEPACK.CR\",\"description\":\"El fr\\u00edo que mantiene sus ganancias\",\"publisher\":{\"@id\":\"https:\/\/icepack.cr\/#organization\"},\"potentialAction\":[{\"@type\":\"SearchAction\",\"target\":\"https:\/\/icepack.cr\/?s={search_term_string}\",\"query-input\":\"required name=search_term_string\"}],\"inLanguage\":\"es-CR\"},{\"@type\":\"ImageObject\",\"@id\":\"https:\/\/icepack.cr\/index.php\/producto\/hielera-de-20-kilos\/#primaryimage\",\"inLanguage\":\"es-CR\",\"url\":\"https:\/\/icepack.cr\/wp-content\/uploads\/2020\/05\/20-kilos-cortada-2-1.png\",\"width\":798,\"height\":848},{\"@type\":\"WebPage\",\"@id\":\"https:\/\/icepack.cr\/index.php\/producto\/hielera-de-20-kilos\/#webpage\",\"url\":\"https:\/\/icepack.cr\/index.php\/producto\/hielera-de-20-kilos\/\",\"name\":\"Hielera de 20 kilos | ICEPACK.CR\",\"isPartOf\":{\"@id\":\"https:\/\/icepack.cr\/#website\"},\"primaryImageOfPage\":{\"@id\":\"https:\/\/icepack.cr\/index.php\/producto\/hielera-de-20-kilos\/#primaryimage\"},\"datePublished\":\"2020-05-13T03:01:32+00:00\",\"dateModified\":\"2022-05-17T00:19:03+00:00\",\"description\":\"Medidas internas Largo 34 cm Ancho 29 cm Alto 20 cm &nbsp; Medidas externas Largo 39 cm Ancho 34cm Alto 25cm Las hieleras t\\u00e9rmicas de estereof\\u00f3n expandido\",\"breadcrumb\":{\"@id\":\"https:\/\/icepack.cr\/index.php\/producto\/hielera-de-20-kilos\/#breadcrumb\"},\"inLanguage\":\"es-CR\",\"potentialAction\":[{\"@type\":\"ReadAction\",\"target\":[\"https:\/\/icepack.cr\/index.php\/producto\/hielera-de-20-kilos\/\"]}]},{\"@type\":\"BreadcrumbList\",\"@id\":\"https:\/\/icepack.cr\/index.php\/producto\/hielera-de-20-kilos\/#breadcrumb\",\"itemListElement\":[{\"@type\":\"ListItem\",\"position\":1,\"item\":{\"@type\":\"WebPage\",\"@id\":\"https:\/\/icepack.cr\/\",\"url\":\"https:\/\/icepack.cr\/\",\"name\":\"Inicio\"}},{\"@type\":\"ListItem\",\"position\":2,\"item\":{\"@type\":\"WebPage\",\"@id\":\"https:\/\/icepack.cr\/index.php\/tienda\/\",\"url\":\"https:\/\/icepack.cr\/index.php\/tienda\/\",\"name\":\"Tienda\"}},{\"@type\":\"ListItem\",\"position\":3,\"item\":{\"@type\":\"WebPage\",\"@id\":\"https:\/\/icepack.cr\/index.php\/producto\/hielera-de-20-kilos\/\",\"url\":\"https:\/\/icepack.cr\/index.php\/producto\/hielera-de-20-kilos\/\",\"name\":\"Hielera de 20 kilos\"}}]},{\"@type\":\"Place\",\"@id\":\"https:\/\/icepack.cr\/index.php\/producto\/hielera-de-20-kilos\/#local-place\",\"address\":{\"@type\":\"PostalAddress\",\"@id\":\"https:\/\/icepack.cr\/index.php\/producto\/hielera-de-20-kilos\/#local-place-address\",\"streetAddress\":\"\",\"addressLocality\":\"\",\"postalCode\":\"\",\"addressRegion\":\"\",\"addressCountry\":\"\"},\"geo\":{\"@type\":\"GeoCoordinates\",\"latitude\":\"\",\"longitude\":\"\"},\"openingHoursSpecification\":[{\"@type\":\"OpeningHoursSpecification\",\"dayOfWeek\":[\"Monday\",\"Tuesday\",\"Wednesday\",\"Thursday\",\"Friday\",\"Saturday\",\"Sunday\"],\"opens\":\"09:00\",\"closes\":\"17:00\"}]}]}<\/script>\n<!-- \/ Yoast SEO Premium plugin. -->","_links":{"self":[{"href":"https:\/\/icepack.cr\/index.php\/wp-json\/wp\/v2\/product\/254"}],"collection":[{"href":"https:\/\/icepack.cr\/index.php\/wp-json\/wp\/v2\/product"}],"about":[{"href":"https:\/\/icepack.cr\/index.php\/wp-json\/wp\/v2\/types\/product"}],"replies":[{"embeddable":true,"href":"https:\/\/icepack.cr\/index.php\/wp-json\/wp\/v2\/comments?post=254"}],"wp:featuredmedia":[{"embeddable":true,"href":"https:\/\/icepack.cr\/index.php\/wp-json\/wp\/v2\/media\/521"}],"wp:attachment":[{"href":"https:\/\/icepack.cr\/index.php\/wp-json\/wp\/v2\/media?parent=254"}],"wp:term":[{"taxonomy":"product_cat","embeddable":true,"href":"https:\/\/icepack.cr\/index.php\/wp-json\/wp\/v2\/product_cat?post=254"},{"taxonomy":"product_tag","embeddable":true,"href":"https:\/\/icepack.cr\/index.php\/wp-json\/wp\/v2\/product_tag?post=254"},{"taxonomy":"yst_prominent_words","embeddable":true,"href":"https:\/\/icepack.cr\/index.php\/wp-json\/wp\/v2\/yst_prominent_words?post=254"}],"curies":[{"name":"wp","href":"https:\/\/api.w.org\/{rel}","templated":true}]}}