{"id":533,"date":"2020-05-21T10:24:09","date_gmt":"2020-05-21T16:24:09","guid":{"rendered":"https:\/\/icepack.cr\/?page_id=533"},"modified":"2020-05-21T11:36:22","modified_gmt":"2020-05-21T17:36:22","slug":"terminos-y-condiciones","status":"publish","type":"page","link":"https:\/\/icepack.cr\/index.php\/terminos-y-condiciones\/","title":{"rendered":"T\u00e9rminos y Condiciones"},"content":{"rendered":"\t\t<div data-elementor-type=\"wp-page\" data-elementor-id=\"533\" class=\"elementor elementor-533\" data-elementor-settings=\"[]\">\n\t\t\t<div class=\"elementor-inner\">\n\t\t\t\t<div class=\"elementor-section-wrap\">\n\t\t\t\t\t\t\t<section class=\"elementor-element elementor-element-92880f3 elementor-section-boxed elementor-section-height-default elementor-section-height-default elementor-section elementor-top-section\" data-id=\"92880f3\" data-element_type=\"section\">\n\t\t\t\t\t\t<div class=\"elementor-container elementor-column-gap-default\">\n\t\t\t\t<div class=\"elementor-row\">\n\t\t\t\t<div class=\"elementor-element elementor-element-e813b0e elementor-column elementor-col-100 elementor-top-column\" data-id=\"e813b0e\" data-element_type=\"column\">\n\t\t\t<div class=\"elementor-column-wrap  elementor-element-populated\">\n\t\t\t\t\t<div class=\"elementor-widget-wrap\">\n\t\t\t\t<div class=\"elementor-element elementor-element-3f340b3 elementor-widget elementor-widget-heading\" data-id=\"3f340b3\" data-element_type=\"widget\" data-widget_type=\"heading.default\">\n\t\t\t\t<div class=\"elementor-widget-container\">\n\t\t\t<h1 class=\"elementor-heading-title elementor-size-default\">T\u00c9RMINOS DE USO Y GARANT\u00cdA<\/h1>\t\t<\/div>\n\t\t\t\t<\/div>\n\t\t\t\t<div class=\"elementor-element elementor-element-6d37ef2 elementor-widget elementor-widget-heading\" data-id=\"6d37ef2\" data-element_type=\"widget\" data-widget_type=\"heading.default\">\n\t\t\t\t<div class=\"elementor-widget-container\">\n\t\t\t<h3 class=\"elementor-heading-title elementor-size-default\">Si usted utiliza esta p\u00e1gina, es Obligatorio leer y comprender esta informaci\u00f3n.<\/h3>\t\t<\/div>\n\t\t\t\t<\/div>\n\t\t\t\t<div class=\"elementor-element elementor-element-42190e9 elementor-widget elementor-widget-text-editor\" data-id=\"42190e9\" data-element_type=\"widget\" data-widget_type=\"text-editor.default\">\n\t\t\t\t<div class=\"elementor-widget-container\">\n\t\t\t\t\t<div class=\"elementor-text-editor elementor-clearfix\"><p>Los siguientes son los T\u00e9rminos y Condiciones generales por los servicios ofrecidos por la empresa ICEPACK de Costa Rica S.A. A trav\u00e9s de su tienda virtual dentro del sitio web www.icepack.cr ; de manera que cualquier usuario que desee acceder y\/o usar el sitio o los servicios podr\u00e1 hacerlo sujet\u00e1ndose a dichos T\u00e9rminos y Condiciones Generales, CUALQUIER PERSONA QUE NO ACEPTE ESTOS T\u00c9RMINOS Y CONDICIONES GENERALES, LOS CUALES TIENEN UN CAR\u00c1CTER VINCULANTE, DEBER\u00c1 ABSTENERSE DE UTILIZAR EL SITIO Y\/O LOS SERVICIOS. El Usuario debe leer, comprender y aceptar todas las condiciones establecidas en los T\u00e9rminos y Condiciones Generales y en las Pol\u00edticas de Privacidad, as\u00ed como en los dem\u00e1s documentos incorporados a los mismos por referencia, previos a su registro como usuario de ICEPACK DE Costa Rica S.A. a trav\u00e9s de icepack.cr. En adelante, cualquier referencia a la tienda se debe entender que refiere a ICEPACK DE COSTA RICA S.A.<\/p><\/div>\n\t\t\t\t<\/div>\n\t\t\t\t<\/div>\n\t\t\t\t\t\t<\/div>\n\t\t\t<\/div>\n\t\t<\/div>\n\t\t\t\t\t\t<\/div>\n\t\t\t<\/div>\n\t\t<\/section>\n\t\t\t\t<section class=\"elementor-element elementor-element-a145fff elementor-section-boxed elementor-section-height-default elementor-section-height-default elementor-section elementor-top-section\" data-id=\"a145fff\" data-element_type=\"section\">\n\t\t\t\t\t\t<div class=\"elementor-container elementor-column-gap-default\">\n\t\t\t\t<div class=\"elementor-row\">\n\t\t\t\t<div class=\"elementor-element elementor-element-c0bee5c elementor-column elementor-col-100 elementor-top-column\" data-id=\"c0bee5c\" data-element_type=\"column\">\n\t\t\t<div class=\"elementor-column-wrap  elementor-element-populated\">\n\t\t\t\t\t<div class=\"elementor-widget-wrap\">\n\t\t\t\t<div class=\"elementor-element elementor-element-ab49239 elementor-widget elementor-widget-heading\" data-id=\"ab49239\" data-element_type=\"widget\" data-widget_type=\"heading.default\">\n\t\t\t\t<div class=\"elementor-widget-container\">\n\t\t\t<h2 class=\"elementor-heading-title elementor-size-default\">REGISTRO A NUESTRO SITIO WEB.<\/h2>\t\t<\/div>\n\t\t\t\t<\/div>\n\t\t\t\t<div class=\"elementor-element elementor-element-a9a5478 elementor-widget elementor-widget-text-editor\" data-id=\"a9a5478\" data-element_type=\"widget\" data-widget_type=\"text-editor.default\">\n\t\t\t\t<div class=\"elementor-widget-container\">\n\t\t\t\t\t<div class=\"elementor-text-editor elementor-clearfix\"><p>Es obligatorio completar el formulario de registro en todos sus campos con informaci\u00f3n v\u00e1lida para poder utilizar los servicios que brinda www.icepack.cr Nuestra empresa tomar\u00e1 como v\u00e1lidos los datos que nuestros clientes registren y con sustento en dichos datos nos basaremos para notificaciones, cobro y entrega de los productos que el cliente compre en nuestra tienda online. ICEPACK DE COSTA RICA S.A. CC.: ICEPACK.CR no se responsabiliza si el cliente proporciona err\u00f3neamente los datos para su ubicaci\u00f3n y esto afecta el tiempo establecido de entrega o perdida del mismo. Los datos ingresados por el cliente en nuestro formulario de registro ser\u00e1n utilizados \u00fanicamente para uso en www.icepack.cr<\/p><\/div>\n\t\t\t\t<\/div>\n\t\t\t\t<\/div>\n\t\t\t\t\t\t<\/div>\n\t\t\t<\/div>\n\t\t<\/div>\n\t\t\t\t\t\t<\/div>\n\t\t\t<\/div>\n\t\t<\/section>\n\t\t\t\t<section class=\"elementor-element elementor-element-dbd163b elementor-section-boxed elementor-section-height-default elementor-section-height-default elementor-section elementor-top-section\" data-id=\"dbd163b\" data-element_type=\"section\">\n\t\t\t\t\t\t<div class=\"elementor-container elementor-column-gap-default\">\n\t\t\t\t<div class=\"elementor-row\">\n\t\t\t\t<div class=\"elementor-element elementor-element-efa34d3 elementor-column elementor-col-100 elementor-top-column\" data-id=\"efa34d3\" data-element_type=\"column\">\n\t\t\t<div class=\"elementor-column-wrap  elementor-element-populated\">\n\t\t\t\t\t<div class=\"elementor-widget-wrap\">\n\t\t\t\t<div class=\"elementor-element elementor-element-b9a9691 elementor-widget elementor-widget-heading\" data-id=\"b9a9691\" data-element_type=\"widget\" data-widget_type=\"heading.default\">\n\t\t\t\t<div class=\"elementor-widget-container\">\n\t\t\t<h2 class=\"elementor-heading-title elementor-size-default\">POL\u00cdTICA DE ENTREGA DE PRODUCTOS<\/h2>\t\t<\/div>\n\t\t\t\t<\/div>\n\t\t\t\t<div class=\"elementor-element elementor-element-e43eed6 elementor-widget elementor-widget-text-editor\" data-id=\"e43eed6\" data-element_type=\"widget\" data-widget_type=\"text-editor.default\">\n\t\t\t\t<div class=\"elementor-widget-container\">\n\t\t\t\t\t<div class=\"elementor-text-editor elementor-clearfix\"><p>ICEPACK de Costa Rica S.A. brinda el servicio de entrega de productos a todo el territorio costarricense y fuera del mismo seg\u00fan las disposiciones y tarifas de nuestros proveedores. ICEPACK DE COSTA RICA se compromete a entregar cada producto a nuestros clientes de una forma segura y sin da\u00f1os y seg\u00fan los tiempos de entrega establecidos en la compra.<\/p><p>Los costos de env\u00edo de cada producto y a cada zona respectiva estar\u00e1n especificados en el momento de realizar su orden.<\/p><\/div>\n\t\t\t\t<\/div>\n\t\t\t\t<\/div>\n\t\t\t\t\t\t<\/div>\n\t\t\t<\/div>\n\t\t<\/div>\n\t\t\t\t\t\t<\/div>\n\t\t\t<\/div>\n\t\t<\/section>\n\t\t\t\t<section class=\"elementor-element elementor-element-1845ca6 elementor-section-boxed elementor-section-height-default elementor-section-height-default elementor-section elementor-top-section\" data-id=\"1845ca6\" data-element_type=\"section\">\n\t\t\t\t\t\t<div class=\"elementor-container elementor-column-gap-default\">\n\t\t\t\t<div class=\"elementor-row\">\n\t\t\t\t<div class=\"elementor-element elementor-element-79aec9e elementor-column elementor-col-100 elementor-top-column\" data-id=\"79aec9e\" data-element_type=\"column\">\n\t\t\t<div class=\"elementor-column-wrap  elementor-element-populated\">\n\t\t\t\t\t<div class=\"elementor-widget-wrap\">\n\t\t\t\t<div class=\"elementor-element elementor-element-ca912b5 elementor-widget elementor-widget-heading\" data-id=\"ca912b5\" data-element_type=\"widget\" data-widget_type=\"heading.default\">\n\t\t\t\t<div class=\"elementor-widget-container\">\n\t\t\t<h2 class=\"elementor-heading-title elementor-size-default\">POL\u00cdTICA DE DEVOLUCI\u00d3N DE PRODUCTOS<\/h2>\t\t<\/div>\n\t\t\t\t<\/div>\n\t\t\t\t<div class=\"elementor-element elementor-element-ecf48ab elementor-widget elementor-widget-text-editor\" data-id=\"ecf48ab\" data-element_type=\"widget\" data-widget_type=\"text-editor.default\">\n\t\t\t\t<div class=\"elementor-widget-container\">\n\t\t\t\t\t<div class=\"elementor-text-editor elementor-clearfix\"><p>El cliente podr\u00e1 devolver cualquier art\u00edculo comprado en www.icepack.cr por las siguientes causas:<\/p><p>Si existe equivocaci\u00f3n en el art\u00edculo enviado por parte de icepack.cr, conservando la envoltura y\/o empaque original, siempre y cuando el producto no tenga ning\u00fan tipo de uso y se encuentre en perfectas condiciones.<\/p><ul><li>En la recepci\u00f3n de mercader\u00eda err\u00f3nea se aplicar\u00e1 el cambio f\u00edsico de la misma, solo si \u00e9sta fue reportada durante las primeras 48 horas naturales posteriores a su entrega, y el cliente debe de hacer el reporte por tel\u00e9fono llamando al 2592-5829. El cliente debe de aseg\u00farese de recibir sus productos en perfecto estado, de no ser as\u00ed, el cliente tiene la obligaci\u00f3n de indicarnos inmediatamente por medio de llamada telef\u00f3nica a nuestro 2592-5829 esto en caso de productos entregados por medio de alg\u00fan proveedor y si el producto es entregado por medio de nuestro personal autorizado el cliente no debe de recibir el producto si presenta desperfectos o da\u00f1os f\u00edsicos tanto en su embalaje como en el mismo para confirmar la reposici\u00f3n de la mercader\u00eda por el producto correcto (este periodo puede variar dependiendo de cada producto y la disponibilidad del mismo).<\/li><li>En el caso de devoluci\u00f3n de productos el o los gastos originados corren por cuenta del cliente (Los gastos de env\u00edo no son reembolsables).<\/li><li>Icepack.cr No acepta como una devoluci\u00f3n productos en promoci\u00f3n, con descuento o productos que est\u00e9n en icepack.cr como 2 x 1.<\/li><li>Se elimina la garant\u00eda de todo aquel producto que se le haya intentado o ha sido utilizado, da\u00f1ado y expuesto a condiciones o manipulaci\u00f3n no apta para su uso.<\/li><li>Los t\u00e9rminos y condiciones podr\u00e1n ser modificados en cualquier momento. Para ello las modificaciones ser\u00e1n debidamente publicadas en este sitio web.<\/li><\/ul><\/div>\n\t\t\t\t<\/div>\n\t\t\t\t<\/div>\n\t\t\t\t\t\t<\/div>\n\t\t\t<\/div>\n\t\t<\/div>\n\t\t\t\t\t\t<\/div>\n\t\t\t<\/div>\n\t\t<\/section>\n\t\t\t\t<section class=\"elementor-element elementor-element-fe95708 elementor-section-boxed elementor-section-height-default elementor-section-height-default elementor-section elementor-top-section\" data-id=\"fe95708\" data-element_type=\"section\">\n\t\t\t\t\t\t<div class=\"elementor-container elementor-column-gap-default\">\n\t\t\t\t<div class=\"elementor-row\">\n\t\t\t\t<div class=\"elementor-element elementor-element-fb0896c elementor-column elementor-col-100 elementor-top-column\" data-id=\"fb0896c\" data-element_type=\"column\">\n\t\t\t<div class=\"elementor-column-wrap  elementor-element-populated\">\n\t\t\t\t\t<div class=\"elementor-widget-wrap\">\n\t\t\t\t<div class=\"elementor-element elementor-element-6d61a0d elementor-widget elementor-widget-heading\" data-id=\"6d61a0d\" data-element_type=\"widget\" data-widget_type=\"heading.default\">\n\t\t\t\t<div class=\"elementor-widget-container\">\n\t\t\t<h2 class=\"elementor-heading-title elementor-size-default\">RECOLECCI\u00d3N Y USO DE LA INFORMACI\u00d3N<\/h2>\t\t<\/div>\n\t\t\t\t<\/div>\n\t\t\t\t<div class=\"elementor-element elementor-element-edb6f6f elementor-widget elementor-widget-text-editor\" data-id=\"edb6f6f\" data-element_type=\"widget\" data-widget_type=\"text-editor.default\">\n\t\t\t\t<div class=\"elementor-widget-container\">\n\t\t\t\t\t<div class=\"elementor-text-editor elementor-clearfix\"><p>La Pol\u00edtica de privacidad y seguridad de la empresa ICEPACK de Costa Rica S.A. aplica a la recopilaci\u00f3n y uso de la informaci\u00f3n que usted suministre a trav\u00e9s de nuestro sitio web, dicha informaci\u00f3n ser\u00e1 utilizada \u00fanicamente para ICEPACK en el cumplimiento de sus fines. La informaci\u00f3n se utilizar\u00e1 con el prop\u00f3sito para la que fue solicitada. ICEPACK de Costa Rica respeta su derecho a la privacidad, y no proveer\u00e1 a terceras personas de la informaci\u00f3n personal de sus usuarios, sin su consentimiento.<\/p><\/div>\n\t\t\t\t<\/div>\n\t\t\t\t<\/div>\n\t\t\t\t\t\t<\/div>\n\t\t\t<\/div>\n\t\t<\/div>\n\t\t\t\t\t\t<\/div>\n\t\t\t<\/div>\n\t\t<\/section>\n\t\t\t\t\t\t<\/div>\n\t\t\t<\/div>\n\t\t<\/div>\n\t\t","protected":false},"excerpt":{"rendered":"<p>T\u00c9RMINOS DE USO Y GARANT\u00cdA Si usted utiliza esta p\u00e1gina, es Obligatorio leer y comprender esta informaci\u00f3n. Los siguientes son los T\u00e9rminos y Condiciones generales por los servicios ofrecidos por la empresa ICEPACK de Costa Rica S.A. A trav\u00e9s de su tienda virtual dentro del sitio web www.icepack.cr ; de manera que cualquier usuario que [&hellip;]<\/p>\n","protected":false},"author":1,"featured_media":0,"parent":0,"menu_order":0,"comment_status":"closed","ping_status":"closed","template":"","meta":[],"yst_prominent_words":[207,212,204,199,196,210,203,200,209,208,211,197,195,194,172,202,205,201,198,206],"yoast_head":"<!-- This site is optimized with the Yoast SEO Premium plugin v14.0.4 - https:\/\/yoast.com\/wordpress\/plugins\/seo\/ -->\n<title>T\u00e9rminos y Condiciones | ICEPACK.CR<\/title>\n<meta name=\"description\" content=\"T\u00c9RMINOS DE USO Y GARANT\u00cdA Si usted utiliza esta p\u00e1gina, es Obligatorio leer y comprender esta informaci\u00f3n. Los siguientes son los T\u00e9rminos y Condiciones\" \/>\n<meta name=\"robots\" content=\"index, follow\" \/>\n<meta name=\"googlebot\" content=\"index, follow, max-snippet:-1, max-image-preview:large, max-video-preview:-1\" \/>\n<meta name=\"bingbot\" content=\"index, follow, max-snippet:-1, max-image-preview:large, max-video-preview:-1\" \/>\n<link rel=\"canonical\" href=\"https:\/\/icepack.cr\/index.php\/terminos-y-condiciones\/\" \/>\n<meta property=\"og:locale\" content=\"es_ES\" \/>\n<meta property=\"og:type\" content=\"article\" \/>\n<meta property=\"og:title\" content=\"T\u00e9rminos y Condiciones | ICEPACK.CR\" \/>\n<meta property=\"og:description\" content=\"T\u00c9RMINOS DE USO Y GARANT\u00cdA Si usted utiliza esta p\u00e1gina, es Obligatorio leer y comprender esta informaci\u00f3n. Los siguientes son los T\u00e9rminos y Condiciones\" \/>\n<meta property=\"og:url\" content=\"https:\/\/icepack.cr\/index.php\/terminos-y-condiciones\/\" \/>\n<meta property=\"og:site_name\" content=\"ICEPACK.CR\" \/>\n<meta property=\"article:modified_time\" content=\"2020-05-21T17:36:22+00:00\" \/>\n<meta name=\"twitter:card\" content=\"summary_large_image\" \/>\n<script type=\"application\/ld+json\" class=\"yoast-schema-graph\">{\"@context\":\"https:\/\/schema.org\",\"@graph\":[{\"@type\":[\"Organization\",\"Place\"],\"@id\":\"https:\/\/icepack.cr\/#organization\",\"name\":\"ICE Pack de Costa Rica\",\"url\":\"https:\/\/icepack.cr\/\",\"sameAs\":[],\"logo\":{\"@type\":\"ImageObject\",\"@id\":\"https:\/\/icepack.cr\/#logo\",\"inLanguage\":\"es-CR\",\"url\":\"https:\/\/icepack.cr\/wp-content\/uploads\/2020\/05\/logo.png\",\"width\":1187,\"height\":873,\"caption\":\"ICE Pack de Costa Rica\"},\"image\":{\"@id\":\"https:\/\/icepack.cr\/#logo\"},\"location\":{\"@id\":\"https:\/\/icepack.cr\/index.php\/terminos-y-condiciones\/#local-place\"},\"address\":{\"@id\":\"https:\/\/icepack.cr\/index.php\/terminos-y-condiciones\/#local-place-address\"}},{\"@type\":\"WebSite\",\"@id\":\"https:\/\/icepack.cr\/#website\",\"url\":\"https:\/\/icepack.cr\/\",\"name\":\"ICEPACK.CR\",\"description\":\"El fr\\u00edo que mantiene sus ganancias\",\"publisher\":{\"@id\":\"https:\/\/icepack.cr\/#organization\"},\"potentialAction\":[{\"@type\":\"SearchAction\",\"target\":\"https:\/\/icepack.cr\/?s={search_term_string}\",\"query-input\":\"required name=search_term_string\"}],\"inLanguage\":\"es-CR\"},{\"@type\":\"WebPage\",\"@id\":\"https:\/\/icepack.cr\/index.php\/terminos-y-condiciones\/#webpage\",\"url\":\"https:\/\/icepack.cr\/index.php\/terminos-y-condiciones\/\",\"name\":\"T\\u00e9rminos y Condiciones | ICEPACK.CR\",\"isPartOf\":{\"@id\":\"https:\/\/icepack.cr\/#website\"},\"datePublished\":\"2020-05-21T16:24:09+00:00\",\"dateModified\":\"2020-05-21T17:36:22+00:00\",\"description\":\"T\\u00c9RMINOS DE USO Y GARANT\\u00cdA Si usted utiliza esta p\\u00e1gina, es Obligatorio leer y comprender esta informaci\\u00f3n. Los siguientes son los T\\u00e9rminos y Condiciones\",\"breadcrumb\":{\"@id\":\"https:\/\/icepack.cr\/index.php\/terminos-y-condiciones\/#breadcrumb\"},\"inLanguage\":\"es-CR\",\"potentialAction\":[{\"@type\":\"ReadAction\",\"target\":[\"https:\/\/icepack.cr\/index.php\/terminos-y-condiciones\/\"]}]},{\"@type\":\"BreadcrumbList\",\"@id\":\"https:\/\/icepack.cr\/index.php\/terminos-y-condiciones\/#breadcrumb\",\"itemListElement\":[{\"@type\":\"ListItem\",\"position\":1,\"item\":{\"@type\":\"WebPage\",\"@id\":\"https:\/\/icepack.cr\/\",\"url\":\"https:\/\/icepack.cr\/\",\"name\":\"Inicio\"}},{\"@type\":\"ListItem\",\"position\":2,\"item\":{\"@type\":\"WebPage\",\"@id\":\"https:\/\/icepack.cr\/index.php\/terminos-y-condiciones\/\",\"url\":\"https:\/\/icepack.cr\/index.php\/terminos-y-condiciones\/\",\"name\":\"T\\u00e9rminos y Condiciones\"}}]},{\"@type\":\"Place\",\"@id\":\"https:\/\/icepack.cr\/index.php\/terminos-y-condiciones\/#local-place\",\"address\":{\"@type\":\"PostalAddress\",\"@id\":\"https:\/\/icepack.cr\/index.php\/terminos-y-condiciones\/#local-place-address\",\"streetAddress\":\"\",\"addressLocality\":\"\",\"postalCode\":\"\",\"addressRegion\":\"\",\"addressCountry\":\"\"},\"geo\":{\"@type\":\"GeoCoordinates\",\"latitude\":\"\",\"longitude\":\"\"},\"openingHoursSpecification\":[{\"@type\":\"OpeningHoursSpecification\",\"dayOfWeek\":[\"Monday\",\"Tuesday\",\"Wednesday\",\"Thursday\",\"Friday\",\"Saturday\",\"Sunday\"],\"opens\":\"09:00\",\"closes\":\"17:00\"}]}]}<\/script>\n<!-- \/ Yoast SEO Premium plugin. -->","_links":{"self":[{"href":"https:\/\/icepack.cr\/index.php\/wp-json\/wp\/v2\/pages\/533"}],"collection":[{"href":"https:\/\/icepack.cr\/index.php\/wp-json\/wp\/v2\/pages"}],"about":[{"href":"https:\/\/icepack.cr\/index.php\/wp-json\/wp\/v2\/types\/page"}],"author":[{"embeddable":true,"href":"https:\/\/icepack.cr\/index.php\/wp-json\/wp\/v2\/users\/1"}],"replies":[{"embeddable":true,"href":"https:\/\/icepack.cr\/index.php\/wp-json\/wp\/v2\/comments?post=533"}],"version-history":[{"count":6,"href":"https:\/\/icepack.cr\/index.php\/wp-json\/wp\/v2\/pages\/533\/revisions"}],"predecessor-version":[{"id":543,"href":"https:\/\/icepack.cr\/index.php\/wp-json\/wp\/v2\/pages\/533\/revisions\/543"}],"wp:attachment":[{"href":"https:\/\/icepack.cr\/index.php\/wp-json\/wp\/v2\/media?parent=533"}],"wp:term":[{"taxonomy":"yst_prominent_words","embeddable":true,"href":"https:\/\/icepack.cr\/index.php\/wp-json\/wp\/v2\/yst_prominent_words?post=533"}],"curies":[{"name":"wp","href":"https:\/\/api.w.org\/{rel}","templated":true}]}}